{"id":44,"date":"2024-10-23T15:05:22","date_gmt":"2024-10-23T15:05:22","guid":{"rendered":"https:\/\/kits.themecy.com\/memberships-3\/?page_id=44"},"modified":"2024-10-23T13:04:39","modified_gmt":"2024-10-23T13:04:39","slug":"contact","status":"publish","type":"page","link":"http:\/\/imeri.al\/index.php\/contact\/","title":{"rendered":"Contact"},"content":{"rendered":"<div class=\"vce-row-container\" data-vce-boxed-width=\"true\"><div class=\"vce-row vce-row--col-gap-30 vce-row-equal-height vce-row-content--top\" id=\"el-c194216f\" data-vce-do-apply=\"all el-c194216f\"><div class=\"vce-row-content\" data-vce-element-content=\"true\"><div class=\"vce-col vce-col--md-auto vce-col--xs-1 vce-col--xs-last vce-col--xs-first vce-col--sm-last vce-col--sm-first vce-col--md-last vce-col--lg-last vce-col--xl-last vce-col--md-first vce-col--lg-first vce-col--xl-first\" id=\"el-d8ebabbe\"><div class=\"vce-col-inner\" data-vce-do-apply=\"border margin background  el-d8ebabbe\"><div class=\"vce-content-background-container\"><\/div><div class=\"vce-col-content\" data-vce-element-content=\"true\" data-vce-do-apply=\"padding el-d8ebabbe\"><div class=\"vce-text-block\"><div class=\"vce-text-block-wrapper vce\" id=\"el-847edf88\" data-vce-do-apply=\"all el-847edf88\"><div class=\"wp-block-kadence-column kadence-column44_d05c5e-6e inner-column-1\">\n<div class=\"kt-inside-inner-col\">\n<h1 class=\"kt-adv-heading44_c977ee-54 wp-block-kadence-advancedheading\" style=\"text-align: center;\" data-kb-block=\"kb-adv-heading44_c977ee-54\"><span style=\"font-family: Aclonica;\">Na kontaktoni..<\/span><\/h1>\n<\/div>\n<\/div><\/div><\/div><div class=\"vce-row-container\" data-vce-boxed-width=\"true\"><div class=\"vce-row vce-row--col-gap-30 vce-row-equal-height vce-row-content--top\" id=\"el-f9abe53f\" data-vce-do-apply=\"all el-f9abe53f\"><div class=\"vce-row-content\" data-vce-element-content=\"true\"><div class=\"vce-col vce-col--xs-100p vce-col--xs-visible vce-col--xs-last vce-col--xs-first vce-col--sm-100p vce-col--sm-visible vce-col--sm-last vce-col--sm-first vce-col--md-auto vce-col--md-visible vce-col--md-last vce-col--md-first vce-col--lg-auto vce-col--lg-visible vce-col--lg-last vce-col--lg-first vce-col--xl-auto vce-col--xl-visible vce-col--xl-last vce-col--xl-first\" id=\"el-92c955ca\"><div class=\"vce-col-inner\" data-vce-do-apply=\"border margin background  el-92c955ca\"><div class=\"vce-col-content\" data-vce-element-content=\"true\" data-vce-do-apply=\"padding el-92c955ca\"><div class=\"vce-text-block\"><div class=\"vce-text-block-wrapper vce\" id=\"el-fea6cebd\" data-vce-do-apply=\"all el-fea6cebd\"><p class=\"kt-adv-heading44_77384c-e0 wp-block-kadence-advancedheading\" style=\"text-align: center;\" data-kb-block=\"kb-adv-heading44_77384c-e0\"><em><span style=\"font-size: 24pt;\">N\u00ebse keni nevoje p\u00ebr me shume informacion p\u00ebr pun\u00ebn apo mundesite qe ofron kompania jone, mund te na shkruani ose telefononi !<\/span><\/em><\/p><\/div><\/div><div class=\"vce vce-separator-container vce-separator--align-center vce-separator--style-solid\" id=\"el-2aae5099\" data-vce-do-apply=\"margin el-2aae5099\"><div class=\"vce-separator vce-separator--color-bfc0c1 vce-separator--width-60 vce-separator--thickness-1\" data-vce-do-apply=\"border padding background  el-2aae5099\"><\/div><\/div><\/div><\/div><\/div><\/div><\/div><\/div><div class=\"vce-text-block\"><div class=\"vce-text-block-wrapper vce\" id=\"el-f35c63ac\" data-vce-do-apply=\"all el-f35c63ac\"><h6 class=\"kt-blocks-info-box-title\">Telefononi ne numrin:<\/h6>\n<div class=\"wp-block-kadence-infobox kt-info-box44_fd0264-8a\">\n<div class=\"kt-infobox-textcontent\">\n<p class=\"kt-blocks-info-box-text\">+355 (0) 69 207 9117<\/p>\n<\/div>\n<\/div><\/div><\/div><div class=\"vce-text-block\"><div class=\"vce-text-block-wrapper vce\" id=\"el-d137bc89\" data-vce-do-apply=\"all el-d137bc89\"><h5 class=\"kt-blocks-info-box-title\">Email Us<\/h5>\n<div class=\"wp-block-kadence-infobox kt-info-box44_021de8-48\">\n<div class=\"kt-infobox-textcontent\">\n<p class=\"kt-blocks-info-box-text\">info@imeri.al<br>cont<ins datetime=\"2024-09-05T18:49:39+00:00\"><\/ins>act@imeri.al<\/p>\n<\/div>\n<\/div><\/div><\/div><\/div><\/div><\/div><\/div><\/div><\/div>\n","protected":false},"excerpt":{"rendered":"<p>Na kontaktoni.. N\u00ebse keni nevoje p\u00ebr me shume informacion p\u00ebr pun\u00ebn apo mundesite qe ofron kompania jone, mund te na shkruani ose telefononi !Telefononi ne numrin: +355 (0) 69 207 9117 Email Us info@imeri.alcontact@imeri.al<\/p>\n","protected":false},"author":1,"featured_media":0,"parent":0,"menu_order":0,"comment_status":"closed","ping_status":"closed","template":"","meta":{"_kadence_starter_templates_imported_post":true,"_kad_post_transparent":"","_kad_post_title":"hide","_kad_post_layout":"fullwidth","_kad_post_sidebar_id":"","_kad_post_content_style":"unboxed","_kad_post_vertical_padding":"hide","_kad_post_feature":"hide","_kad_post_feature_position":"","_kad_post_header":false,"_kad_post_footer":false,"footnotes":""},"class_list":["post-44","page","type-page","status-publish","hentry"],"yoast_head":"<!-- This site is optimized with the Yoast SEO plugin v23.2 - https:\/\/yoast.com\/wordpress\/plugins\/seo\/ -->\r\n<title>Contact - IMERI7 SHPK<\/title>\r\n<meta name=\"robots\" content=\"index, follow, max-snippet:-1, max-image-preview:large, max-video-preview:-1\" \/>\r\n<link rel=\"canonical\" href=\"http:\/\/imeri.al\/index.php\/contact\/\" \/>\r\n<meta property=\"og:locale\" content=\"en_US\" \/>\r\n<meta property=\"og:type\" content=\"article\" \/>\r\n<meta property=\"og:title\" content=\"Contact - IMERI7 SHPK\" \/>\r\n<meta property=\"og:description\" content=\"Na kontaktoni.. N\u00ebse keni nevoje p\u00ebr me shume informacion p\u00ebr pun\u00ebn apo mundesite qe ofron kompania jone, mund te na shkruani ose telefononi !Telefononi ne numrin: +355 (0) 69 207 9117 Email Us info@imeri.alcontact@imeri.al\" \/>\r\n<meta property=\"og:url\" content=\"http:\/\/imeri.al\/index.php\/contact\/\" \/>\r\n<meta property=\"og:site_name\" content=\"IMERI7 SHPK\" \/>\r\n<meta property=\"article:modified_time\" content=\"2024-10-23T13:04:39+00:00\" \/>\r\n<meta name=\"twitter:card\" content=\"summary_large_image\" \/>\r\n<script type=\"application\/ld+json\" class=\"yoast-schema-graph\">{\"@context\":\"https:\/\/schema.org\",\"@graph\":[{\"@type\":\"WebPage\",\"@id\":\"http:\/\/imeri.al\/index.php\/contact\/\",\"url\":\"http:\/\/imeri.al\/index.php\/contact\/\",\"name\":\"Contact - IMERI7 SHPK\",\"isPartOf\":{\"@id\":\"http:\/\/imeri.al\/#website\"},\"datePublished\":\"2024-10-23T15:05:22+00:00\",\"dateModified\":\"2024-10-23T13:04:39+00:00\",\"breadcrumb\":{\"@id\":\"http:\/\/imeri.al\/index.php\/contact\/#breadcrumb\"},\"inLanguage\":\"en-US\",\"potentialAction\":[{\"@type\":\"ReadAction\",\"target\":[\"http:\/\/imeri.al\/index.php\/contact\/\"]}]},{\"@type\":\"BreadcrumbList\",\"@id\":\"http:\/\/imeri.al\/index.php\/contact\/#breadcrumb\",\"itemListElement\":[{\"@type\":\"ListItem\",\"position\":1,\"name\":\"Home\",\"item\":\"http:\/\/imeri.al\/\"},{\"@type\":\"ListItem\",\"position\":2,\"name\":\"Contact\"}]},{\"@type\":\"WebSite\",\"@id\":\"http:\/\/imeri.al\/#website\",\"url\":\"http:\/\/imeri.al\/\",\"name\":\"IMERI7 SHPK\",\"description\":\"KOMPANI ND\u00cbRTIMI\",\"publisher\":{\"@id\":\"http:\/\/imeri.al\/#organization\"},\"potentialAction\":[{\"@type\":\"SearchAction\",\"target\":{\"@type\":\"EntryPoint\",\"urlTemplate\":\"http:\/\/imeri.al\/?s={search_term_string}\"},\"query-input\":\"required name=search_term_string\"}],\"inLanguage\":\"en-US\"},{\"@type\":\"Organization\",\"@id\":\"http:\/\/imeri.al\/#organization\",\"name\":\"IMERI7 SHPK\",\"url\":\"http:\/\/imeri.al\/\",\"logo\":{\"@type\":\"ImageObject\",\"inLanguage\":\"en-US\",\"@id\":\"http:\/\/imeri.al\/#\/schema\/logo\/image\/\",\"url\":\"http:\/\/imeri.al\/wp-content\/uploads\/2024\/09\/cropped-Logo-IMERI_Shpk-e1725877543494.png\",\"contentUrl\":\"http:\/\/imeri.al\/wp-content\/uploads\/2024\/09\/cropped-Logo-IMERI_Shpk-e1725877543494.png\",\"width\":99,\"height\":99,\"caption\":\"IMERI7 SHPK\"},\"image\":{\"@id\":\"http:\/\/imeri.al\/#\/schema\/logo\/image\/\"}}]}<\/script>\r\n<!-- \/ Yoast SEO plugin. -->","yoast_head_json":{"title":"Contact - IMERI7 SHPK","robots":{"index":"index","follow":"follow","max-snippet":"max-snippet:-1","max-image-preview":"max-image-preview:large","max-video-preview":"max-video-preview:-1"},"canonical":"http:\/\/imeri.al\/index.php\/contact\/","og_locale":"en_US","og_type":"article","og_title":"Contact - IMERI7 SHPK","og_description":"Na kontaktoni.. N\u00ebse keni nevoje p\u00ebr me shume informacion p\u00ebr pun\u00ebn apo mundesite qe ofron kompania jone, mund te na shkruani ose telefononi !Telefononi ne numrin: +355 (0) 69 207 9117 Email Us info@imeri.alcontact@imeri.al","og_url":"http:\/\/imeri.al\/index.php\/contact\/","og_site_name":"IMERI7 SHPK","article_modified_time":"2024-10-23T13:04:39+00:00","twitter_card":"summary_large_image","schema":{"@context":"https:\/\/schema.org","@graph":[{"@type":"WebPage","@id":"http:\/\/imeri.al\/index.php\/contact\/","url":"http:\/\/imeri.al\/index.php\/contact\/","name":"Contact - IMERI7 SHPK","isPartOf":{"@id":"http:\/\/imeri.al\/#website"},"datePublished":"2024-10-23T15:05:22+00:00","dateModified":"2024-10-23T13:04:39+00:00","breadcrumb":{"@id":"http:\/\/imeri.al\/index.php\/contact\/#breadcrumb"},"inLanguage":"en-US","potentialAction":[{"@type":"ReadAction","target":["http:\/\/imeri.al\/index.php\/contact\/"]}]},{"@type":"BreadcrumbList","@id":"http:\/\/imeri.al\/index.php\/contact\/#breadcrumb","itemListElement":[{"@type":"ListItem","position":1,"name":"Home","item":"http:\/\/imeri.al\/"},{"@type":"ListItem","position":2,"name":"Contact"}]},{"@type":"WebSite","@id":"http:\/\/imeri.al\/#website","url":"http:\/\/imeri.al\/","name":"IMERI7 SHPK","description":"KOMPANI ND\u00cbRTIMI","publisher":{"@id":"http:\/\/imeri.al\/#organization"},"potentialAction":[{"@type":"SearchAction","target":{"@type":"EntryPoint","urlTemplate":"http:\/\/imeri.al\/?s={search_term_string}"},"query-input":"required name=search_term_string"}],"inLanguage":"en-US"},{"@type":"Organization","@id":"http:\/\/imeri.al\/#organization","name":"IMERI7 SHPK","url":"http:\/\/imeri.al\/","logo":{"@type":"ImageObject","inLanguage":"en-US","@id":"http:\/\/imeri.al\/#\/schema\/logo\/image\/","url":"http:\/\/imeri.al\/wp-content\/uploads\/2024\/09\/cropped-Logo-IMERI_Shpk-e1725877543494.png","contentUrl":"http:\/\/imeri.al\/wp-content\/uploads\/2024\/09\/cropped-Logo-IMERI_Shpk-e1725877543494.png","width":99,"height":99,"caption":"IMERI7 SHPK"},"image":{"@id":"http:\/\/imeri.al\/#\/schema\/logo\/image\/"}}]}},"_links":{"self":[{"href":"http:\/\/imeri.al\/index.php\/wp-json\/wp\/v2\/pages\/44","targetHints":{"allow":["GET"]}}],"collection":[{"href":"http:\/\/imeri.al\/index.php\/wp-json\/wp\/v2\/pages"}],"about":[{"href":"http:\/\/imeri.al\/index.php\/wp-json\/wp\/v2\/types\/page"}],"author":[{"embeddable":true,"href":"http:\/\/imeri.al\/index.php\/wp-json\/wp\/v2\/users\/1"}],"replies":[{"embeddable":true,"href":"http:\/\/imeri.al\/index.php\/wp-json\/wp\/v2\/comments?post=44"}],"version-history":[{"count":7,"href":"http:\/\/imeri.al\/index.php\/wp-json\/wp\/v2\/pages\/44\/revisions"}],"predecessor-version":[{"id":1767,"href":"http:\/\/imeri.al\/index.php\/wp-json\/wp\/v2\/pages\/44\/revisions\/1767"}],"wp:attachment":[{"href":"http:\/\/imeri.al\/index.php\/wp-json\/wp\/v2\/media?parent=44"}],"curies":[{"name":"wp","href":"https:\/\/api.w.org\/{rel}","templated":true}]}}