{"id":1891,"date":"2024-09-11T11:19:39","date_gmt":"2024-09-11T11:19:39","guid":{"rendered":"http:\/\/imeri.al\/?page_id=1891"},"modified":"2024-09-11T12:01:07","modified_gmt":"2024-09-11T12:01:07","slug":"kamza","status":"publish","type":"page","link":"http:\/\/imeri.al\/index.php\/kamza\/","title":{"rendered":"PROJEKTET &quot;VENATINO&quot; N\u00cb KAM\u00cbZ"},"content":{"rendered":"<div class=\"vce-row-container\" data-vce-boxed-width=\"true\"><div class=\"vce-row vce-row--col-gap-30 vce-row-equal-height vce-row-content--top\" id=\"el-f6ffc406\" data-vce-do-apply=\"all el-f6ffc406\"><div class=\"vce-content-background-container\"><\/div><div class=\"vce-row-content\" data-vce-element-content=\"true\"><div class=\"vce-col vce-col--md-auto vce-col--xs-1 vce-col--xs-last vce-col--xs-first vce-col--sm-last vce-col--sm-first vce-col--md-last vce-col--lg-last vce-col--xl-last vce-col--md-first vce-col--lg-first vce-col--xl-first\" id=\"el-4994819a\"><div class=\"vce-col-inner\" data-vce-do-apply=\"border margin background  el-4994819a\"><div class=\"vce-content-background-container\"><\/div><div class=\"vce-col-content\" data-vce-element-content=\"true\" data-vce-do-apply=\"padding el-4994819a\"><div class=\"vce-text-block\"><div class=\"vce-text-block-wrapper vce\" id=\"el-dee47b92\" data-vce-do-apply=\"all el-dee47b92\"><p><span style=\"font-size: 24pt;\">Nj\u00eb tjet\u00ebr projekt ambicioz ku kemi pasur k\u00ebnaq\u00ebsin\u00eb t\u00eb kontribuojm\u00eb \u00ebsht\u00eb seria e komplekseve rezidenciale dhe komerciale \"Venatino,\" investuar nga kompania \u201cKotarja.\u201d <\/span><\/p>\n<p><span style=\"font-size: 24pt;\">K\u00ebto projekte ruajn\u00eb nj\u00eb stil dhe pamje unike, duke sjell\u00eb nj\u00eb kombinim t\u00eb harmonish\u00ebm t\u00eb arkitektur\u00ebs klasike me funksionalitetin modern.<\/span><\/p>\n<p><span style=\"font-size: 24pt;\">\u201cVenatino\u201d shquhet p\u00ebr fasadat e tij t\u00eb stilit klasik, t\u00eb cilat dallohen p\u00ebr bardh\u00ebsin\u00eb e tyre dhe ve\u00e7antin\u00eb estetike, duke krijuar nj\u00eb identitet t\u00eb dalluesh\u00ebm n\u00eb \u00e7do vendndodhje.<\/span><\/p><\/div><\/div><div class=\"vce vce-separator-container vce-separator--align-center vce-separator--style-shadow\" id=\"el-58d785a3\" data-vce-do-apply=\"margin el-58d785a3\"><div class=\"vce-separator vce-separator--color-b-22-176-149 vce-separator--width-65 vce-separator--thickness-4\" data-vce-do-apply=\"border padding background  el-58d785a3\"><div class=\"vce-separator-shadow vce-separator-shadow-left\"><\/div><div class=\"vce-separator-shadow vce-separator-shadow-right\"><\/div><\/div><\/div><\/div><\/div><\/div><\/div><\/div><\/div><div class=\"vce-row-container\" data-vce-boxed-width=\"true\"><div class=\"vce-row vce-row--col-gap-30 vce-row-equal-height vce-row-content--top\" id=\"el-6e33fcca\" data-vce-do-apply=\"all el-6e33fcca\"><div class=\"vce-content-background-container\"><\/div><div class=\"vce-row-content\" data-vce-element-content=\"true\"><div class=\"vce-col vce-col--md-auto vce-col--xs-1 vce-col--xs-last vce-col--xs-first vce-col--sm-last vce-col--sm-first vce-col--md-last vce-col--lg-last vce-col--xl-last vce-col--md-first vce-col--lg-first vce-col--xl-first\" id=\"el-764fbb98\"><div class=\"vce-col-inner\" data-vce-do-apply=\"border margin background  el-764fbb98\"><div class=\"vce-col-content\" data-vce-element-content=\"true\" data-vce-do-apply=\"padding el-764fbb98\"><div class=\"vce-row-container\" data-vce-boxed-width=\"true\"><div class=\"vce-row vce-row--col-gap-30 vce-row-equal-height vce-row-content--top\" id=\"el-b41d11f9\" data-vce-do-apply=\"all el-b41d11f9\"><div class=\"vce-row-content\" data-vce-element-content=\"true\"><div class=\"vce-col vce-col--md-auto vce-col--xs-1 vce-col--xs-last vce-col--xs-first vce-col--sm-last vce-col--sm-first vce-col--md-last vce-col--lg-last vce-col--xl-last vce-col--md-first vce-col--lg-first vce-col--xl-first\" id=\"el-7f566ad5\"><div class=\"vce-col-inner\" data-vce-do-apply=\"border margin background  el-7f566ad5\"><div class=\"vce-col-content\" data-vce-element-content=\"true\" data-vce-do-apply=\"padding el-7f566ad5\"><div class=\"vce-text-block\"><div class=\"vce-text-block-wrapper vce\" id=\"el-9b9e5fd9\" data-vce-do-apply=\"all el-9b9e5fd9\"><p><span style=\"font-size: 24pt; letter-spacing: 1px; font-weight: 400; font-style: normal;\"><strong>\u201cVenatino 1\" dhe \"Venatino 2\" jan\u00eb t\u00eb pozicionuara n\u00eb zon\u00ebn e Kamz\u00ebs, duke ofruar nj\u00eb pamje t\u00eb k\u00ebndshme dhe nj\u00eb lokacion t\u00eb p\u00ebrshtatsh\u00ebm p\u00ebr banor\u00ebt dhe bizneset.<\/strong><\/span><\/p>\n<p style=\"margin-bottom: var(--global-md-spacing);\"><span style=\"font-size: 24pt; letter-spacing: 1px; font-weight: 400; font-style: normal;\"><strong>Aktualisht, jemi t\u00eb angazhuar n\u00eb nd\u00ebrtimin e \"Venatino 2,\" i cili ndodhet n\u00eb \"Rrug\u00ebn Sk\u00ebnderbeu.\" Ashtu si paraardh\u00ebsi i tij,<\/strong><\/span><\/p><\/div><\/div><\/div><\/div><\/div><\/div><\/div><\/div><div class=\"vce-image-gallery vce-image-gallery--gap-10 vce-image-gallery--columns-3\"><div class=\"vce-image-gallery-wrapper vce\" id=\"el-505102cd\" data-vce-do-apply=\"all el-505102cd\"><div class=\"vce-image-gallery-list\"><\/div><\/div><\/div><div class=\"vce vce-separator-container vce-separator--align-center vce-separator--style-shadow\" id=\"el-69b4b224\" data-vce-do-apply=\"margin el-69b4b224\"><div class=\"vce-separator vce-separator--color-b-22-176-149 vce-separator--width-65 vce-separator--thickness-4\" data-vce-do-apply=\"border padding background  el-69b4b224\"><div class=\"vce-separator-shadow vce-separator-shadow-left\"><\/div><div class=\"vce-separator-shadow vce-separator-shadow-right\"><\/div><\/div><\/div><div class=\"vce-row-container\" data-vce-boxed-width=\"true\"><div class=\"vce-row vce-row--col-gap-30 vce-row-equal-height vce-row-content--top\" id=\"el-7b9fa06c\" data-vce-do-apply=\"all el-7b9fa06c\"><div class=\"vce-row-content\" data-vce-element-content=\"true\"><div class=\"vce-col vce-col--md-auto vce-col--xs-1 vce-col--xs-last vce-col--xs-first vce-col--sm-last vce-col--sm-first vce-col--md-first vce-col--lg-first vce-col--xl-first\" id=\"el-8326f725\"><div class=\"vce-col-inner\" data-vce-do-apply=\"border margin background  el-8326f725\"><div class=\"vce-col-content\" data-vce-element-content=\"true\" data-vce-do-apply=\"padding el-8326f725\"><div class=\"vce-text-block\"><div class=\"vce-text-block-wrapper vce\" id=\"el-b1b8181e\" data-vce-do-apply=\"all el-b1b8181e\"><p><span style=\"font-size: 18pt;\">Venatino 1, i cili ndodhet n\u00eb \"Rrug\u00ebn Teuta,\" shum\u00eb pran\u00eb \"Bulevardit Blu,\" u p\u00ebrfundua me sukses n\u00eb vitin 2023.<\/span><\/p>\n<p><span style=\"font-size: 18pt;\">Ky kompleks ofron akses t\u00eb leht\u00eb n\u00eb transportin urban dhe leht\u00ebsira t\u00eb tjera, si qendra mjek\u00ebsore, shkolla, \u00e7erdhe, supermarkete, dhe t\u00eb gjitha facilitetet e tjera t\u00eb nevojshme p\u00ebr nj\u00eb jetes\u00eb komode.<\/span><\/p><\/div><\/div><\/div><\/div><\/div><div class=\"vce-col vce-col--md-auto vce-col--xs-1 vce-col--xs-last vce-col--xs-first vce-col--sm-last vce-col--sm-first vce-col--md-last vce-col--lg-last vce-col--xl-last\" id=\"el-e14e80ad\"><div class=\"vce-col-inner\" data-vce-do-apply=\"border margin background  el-e14e80ad\"><div class=\"vce-col-content\" data-vce-element-content=\"true\" data-vce-do-apply=\"padding el-e14e80ad\"><div class=\"vce-text-block\"><div class=\"vce-text-block-wrapper vce\" id=\"el-6f6cff03\" data-vce-do-apply=\"all el-6f6cff03\"><p><span style=\"font-size: 18pt;\">Aktualisht, jemi t\u00eb angazhuar n\u00eb nd\u00ebrtimin e \"Venatino 2,\" i cili ndodhet n\u00eb \"Rrug\u00ebn Sk\u00ebnderbeu.\" Ashtu si paraardh\u00ebsi i tij, <\/span><\/p>\n<p><span style=\"font-size: 18pt;\">Venatino 2 do t\u00eb ruaj\u00eb t\u00eb nj\u00ebjt\u00ebn stilistik\u00eb klasike dhe do t\u00eb siguroj\u00eb standarde t\u00eb larta nd\u00ebrtimi, duke p\u00ebrfshir\u00eb edhe punimet tona t\u00eb betonit t\u00eb armuar p\u00ebr t\u00eb garantuar q\u00ebndrueshm\u00ebrin\u00eb dhe cil\u00ebsin\u00eb e nd\u00ebrtes\u00ebs.<\/span><\/p><\/div><\/div><\/div><\/div><\/div><\/div><\/div><\/div><div class=\"vce-image-gallery vce-image-gallery--gap-10 vce-image-gallery--columns-3\"><div class=\"vce-image-gallery-wrapper vce\" id=\"el-a046fcce\" data-vce-do-apply=\"all el-a046fcce\"><div class=\"vce-image-gallery-list\"><\/div><\/div><\/div><\/div><\/div><\/div><\/div><\/div><\/div><div class=\"vce-row-container\" data-vce-boxed-width=\"true\"><div class=\"vce-row vce-row--col-gap-30 vce-row-equal-height vce-row-content--top\" id=\"el-5346ad97\" data-vce-do-apply=\"all el-5346ad97\"><div class=\"vce-row-content\" data-vce-element-content=\"true\"><div class=\"vce-col vce-col--md-auto vce-col--xs-1 vce-col--xs-last vce-col--xs-first vce-col--sm-last vce-col--sm-first vce-col--md-last vce-col--lg-last vce-col--xl-last vce-col--md-first vce-col--lg-first vce-col--xl-first\" id=\"el-2d946c07\"><div class=\"vce-col-inner\" data-vce-do-apply=\"border margin background  el-2d946c07\"><div class=\"vce-col-content\" data-vce-element-content=\"true\" data-vce-do-apply=\"padding el-2d946c07\"><div class=\"vce vce-separator-container vce-separator--align-center vce-separator--style-shadow\" id=\"el-7fad0f55\" data-vce-do-apply=\"margin el-7fad0f55\"><div class=\"vce-separator vce-separator--color-b-22-176-149 vce-separator--width-65 vce-separator--thickness-4\" data-vce-do-apply=\"border padding background  el-7fad0f55\"><div class=\"vce-separator-shadow vce-separator-shadow-left\"><\/div><div class=\"vce-separator-shadow vce-separator-shadow-right\"><\/div><\/div><\/div><\/div><\/div><\/div><\/div><\/div><\/div><div class=\"vce-row-container\" data-vce-boxed-width=\"true\"><div class=\"vce-row vce-row--col-gap-30 vce-row-equal-height vce-row-content--top\" id=\"el-557d23e4\" data-vce-do-apply=\"all el-557d23e4\"><div class=\"vce-row-content\" data-vce-element-content=\"true\"><div class=\"vce-col vce-col--md-14p vce-col--xs-1 vce-col--xs-last vce-col--xs-first vce-col--sm-last vce-col--sm-first vce-col--md-first vce-col--lg-first vce-col--xl-first\" id=\"el-dee3d07e\"><div class=\"vce-col-inner\" data-vce-do-apply=\"border margin background  el-dee3d07e\"><div class=\"vce-col-content\" data-vce-element-content=\"true\" data-vce-do-apply=\"padding el-dee3d07e\"><div class=\"vcv-row-control-wrapper\"><\/div><\/div><\/div><\/div><div class=\"vce-col vce-col--md-73p vce-col--xs-1 vce-col--xs-last vce-col--xs-first vce-col--sm-last vce-col--sm-first\" id=\"el-66a4b47e\"><div class=\"vce-col-inner\" data-vce-do-apply=\"border margin background  el-66a4b47e\"><div class=\"vce-col-content\" data-vce-element-content=\"true\" data-vce-do-apply=\"padding el-66a4b47e\"><div class=\"vce-image-gallery vce-image-gallery--gap-5 vce-image-gallery--columns-2\"><div class=\"vce-image-gallery-wrapper vce\" id=\"el-c1ec8633\" data-vce-do-apply=\"all el-c1ec8633\"><div class=\"vce-image-gallery-list\"><div class=\"vce-image-gallery-item\"><figure class=\"vce-image-gallery-item-inner-wrapper\"><a href=\"http:\/\/imeri.al\/wp-content\/uploads\/2024\/09\/387103680_17974564904541435_7335084403350387682_n.jpg\" data-lightbox=\"lightbox-c1ec8633\" class=\"vce-image-gallery-item-inner\"><img decoding=\"async\" class=\"vce-image-gallery-img vce-image-gallery-img--orientation-portrait\" src=\"http:\/\/imeri.al\/wp-content\/uploads\/2024\/09\/387103680_17974564904541435_7335084403350387682_n-576x1024.jpg\" alt=\"\" title=\"387103680_17974564904541435_7335084403350387682_n\"><\/a><\/figure><\/div><div class=\"vce-image-gallery-item\"><figure class=\"vce-image-gallery-item-inner-wrapper\"><a href=\"http:\/\/imeri.al\/wp-content\/uploads\/2024\/09\/395980269_251983634513920_2959340408728923476_n.jpg\" data-lightbox=\"lightbox-c1ec8633\" class=\"vce-image-gallery-item-inner\"><img decoding=\"async\" class=\"vce-image-gallery-img vce-image-gallery-img--orientation-portrait\" src=\"http:\/\/imeri.al\/wp-content\/uploads\/2024\/09\/395980269_251983634513920_2959340408728923476_n.jpg\" alt=\"\" title=\"395980269_251983634513920_2959340408728923476_n\"><\/a><\/figure><\/div><div class=\"vce-image-gallery-item\"><figure class=\"vce-image-gallery-item-inner-wrapper\"><a href=\"http:\/\/imeri.al\/wp-content\/uploads\/2024\/09\/395817220_846495963621402_3243018265682877553_n.jpg\" data-lightbox=\"lightbox-c1ec8633\" class=\"vce-image-gallery-item-inner\"><img decoding=\"async\" class=\"vce-image-gallery-img vce-image-gallery-img--orientation-portrait\" src=\"http:\/\/imeri.al\/wp-content\/uploads\/2024\/09\/395817220_846495963621402_3243018265682877553_n.jpg\" alt=\"\" title=\"395817220_846495963621402_3243018265682877553_n\"><\/a><\/figure><\/div><div class=\"vce-image-gallery-item\"><figure class=\"vce-image-gallery-item-inner-wrapper\"><a href=\"http:\/\/imeri.al\/wp-content\/uploads\/2024\/09\/394556278_17976289004541435_5993166339891681556_n.jpg\" data-lightbox=\"lightbox-c1ec8633\" class=\"vce-image-gallery-item-inner\"><img decoding=\"async\" class=\"vce-image-gallery-img\" src=\"http:\/\/imeri.al\/wp-content\/uploads\/2024\/09\/394556278_17976289004541435_5993166339891681556_n.jpg\" alt=\"\" title=\"394556278_17976289004541435_5993166339891681556_n\"><\/a><\/figure><\/div><\/div><\/div><\/div><\/div><\/div><\/div><div class=\"vce-col vce-col--md-12p vce-col--xs-1 vce-col--xs-last vce-col--xs-first vce-col--sm-last vce-col--sm-first vce-col--md-last vce-col--lg-last vce-col--xl-last\" id=\"el-30c76daa\"><div class=\"vce-col-inner\" data-vce-do-apply=\"border margin background  el-30c76daa\"><div class=\"vce-col-content\" data-vce-element-content=\"true\" data-vce-do-apply=\"padding el-30c76daa\"><div class=\"vcv-row-control-wrapper\"><\/div><\/div><\/div><\/div><\/div><\/div><\/div><div class=\"vce-row-container\" data-vce-boxed-width=\"true\"><div class=\"vce-row vce-row--col-gap-30 vce-row-equal-height vce-row-content--top\" id=\"el-fc9b8e2b\" data-vce-do-apply=\"all el-fc9b8e2b\"><div class=\"vce-row-content\" data-vce-element-content=\"true\"><div class=\"vce-col vce-col--md-auto vce-col--xs-1 vce-col--xs-last vce-col--xs-first vce-col--sm-last vce-col--sm-first vce-col--md-last vce-col--lg-last vce-col--xl-last vce-col--md-first vce-col--lg-first vce-col--xl-first\" id=\"el-e55b9557\"><div class=\"vce-col-inner\" data-vce-do-apply=\"border margin background  el-e55b9557\"><div class=\"vce-col-content\" data-vce-element-content=\"true\" data-vce-do-apply=\"padding el-e55b9557\"><div class=\"vce-row-container\" data-vce-boxed-width=\"true\"><div class=\"vce-row vce-row--col-gap-30 vce-row-equal-height vce-row-content--top\" id=\"el-a3d5086b\" data-vce-do-apply=\"all el-a3d5086b\"><div class=\"vce-row-content\" data-vce-element-content=\"true\"><div class=\"vce-col vce-col--md-auto vce-col--xs-1 vce-col--xs-last vce-col--xs-first vce-col--sm-last vce-col--sm-first vce-col--md-last vce-col--lg-last vce-col--xl-last vce-col--md-first vce-col--lg-first vce-col--xl-first\" id=\"el-d00ba212\"><div class=\"vce-col-inner\" data-vce-do-apply=\"border margin background  el-d00ba212\"><div class=\"vce-col-content\" data-vce-element-content=\"true\" data-vce-do-apply=\"padding el-d00ba212\"><div class=\"vce vce-separator-container vce-separator--align-center vce-separator--style-shadow\" id=\"el-6e335cdb\" data-vce-do-apply=\"margin el-6e335cdb\"><div class=\"vce-separator vce-separator--color-b-22-176-149 vce-separator--width-89 vce-separator--thickness-4\" data-vce-do-apply=\"border padding background  el-6e335cdb\"><div class=\"vce-separator-shadow vce-separator-shadow-left\"><\/div><div class=\"vce-separator-shadow vce-separator-shadow-right\"><\/div><\/div><\/div><\/div><\/div><\/div><\/div><\/div><\/div><\/div><\/div><\/div><\/div><\/div><\/div><div class=\"vce-row-container\" data-vce-boxed-width=\"true\"><div class=\"vce-row vce-row--col-gap-30 vce-row-equal-height vce-row-content--top\" id=\"el-9853b9e7\" data-vce-do-apply=\"all el-9853b9e7\"><div class=\"vce-row-content\" data-vce-element-content=\"true\"><div class=\"vce-col vce-col--md-auto vce-col--xs-1 vce-col--xs-last vce-col--xs-first vce-col--sm-last vce-col--sm-first vce-col--md-last vce-col--lg-last vce-col--xl-last vce-col--md-first vce-col--lg-first vce-col--xl-first\" id=\"el-19fd72ca\"><div class=\"vce-col-inner\" data-vce-do-apply=\"border margin background  el-19fd72ca\"><div class=\"vce-col-content\" data-vce-element-content=\"true\" data-vce-do-apply=\"padding el-19fd72ca\"><div class=\"vcv-row-control-wrapper\"><\/div><\/div><\/div><\/div><\/div><\/div><\/div>","protected":false},"excerpt":{"rendered":"<p>Nj\u00eb tjet\u00ebr projekt ambicioz ku kemi pasur k\u00ebnaq\u00ebsin\u00eb t\u00eb kontribuojm\u00eb \u00ebsht\u00eb seria e komplekseve rezidenciale dhe komerciale &#8220;Venatino,&#8221; investuar nga kompania \u201cKotarja.\u201d K\u00ebto projekte ruajn\u00eb nj\u00eb stil dhe pamje unike, duke sjell\u00eb nj\u00eb kombinim t\u00eb harmonish\u00ebm t\u00eb arkitektur\u00ebs klasike me funksionalitetin modern. \u201cVenatino\u201d shquhet p\u00ebr fasadat e tij t\u00eb stilit klasik, t\u00eb cilat dallohen p\u00ebr&#8230;<\/p>\n","protected":false},"author":1,"featured_media":0,"parent":0,"menu_order":0,"comment_status":"closed","ping_status":"closed","template":"","meta":{"_kadence_starter_templates_imported_post":false,"_kad_post_transparent":"","_kad_post_title":"","_kad_post_layout":"","_kad_post_sidebar_id":"","_kad_post_content_style":"","_kad_post_vertical_padding":"","_kad_post_feature":"","_kad_post_feature_position":"","_kad_post_header":false,"_kad_post_footer":false,"footnotes":""},"class_list":["post-1891","page","type-page","status-publish","hentry"],"yoast_head":"<!-- This site is optimized with the Yoast SEO plugin v23.2 - https:\/\/yoast.com\/wordpress\/plugins\/seo\/ -->\r\n<title>PROJEKTET &quot;VENATINO&quot; N\u00cb KAM\u00cbZ - IMERI7 SHPK<\/title>\r\n<meta name=\"robots\" content=\"index, follow, max-snippet:-1, max-image-preview:large, max-video-preview:-1\" \/>\r\n<link rel=\"canonical\" href=\"http:\/\/imeri.al\/index.php\/kamza\/\" \/>\r\n<meta property=\"og:locale\" content=\"en_US\" \/>\r\n<meta property=\"og:type\" content=\"article\" \/>\r\n<meta property=\"og:title\" content=\"PROJEKTET &quot;VENATINO&quot; N\u00cb KAM\u00cbZ - IMERI7 SHPK\" \/>\r\n<meta property=\"og:description\" content=\"Nj\u00eb tjet\u00ebr projekt ambicioz ku kemi pasur k\u00ebnaq\u00ebsin\u00eb t\u00eb kontribuojm\u00eb \u00ebsht\u00eb seria e komplekseve rezidenciale dhe komerciale &quot;Venatino,&quot; investuar nga kompania \u201cKotarja.\u201d K\u00ebto projekte ruajn\u00eb nj\u00eb stil dhe pamje unike, duke sjell\u00eb nj\u00eb kombinim t\u00eb harmonish\u00ebm t\u00eb arkitektur\u00ebs klasike me funksionalitetin modern. \u201cVenatino\u201d shquhet p\u00ebr fasadat e tij t\u00eb stilit klasik, t\u00eb cilat dallohen p\u00ebr...\" \/>\r\n<meta property=\"og:url\" content=\"http:\/\/imeri.al\/index.php\/kamza\/\" \/>\r\n<meta property=\"og:site_name\" content=\"IMERI7 SHPK\" \/>\r\n<meta property=\"article:modified_time\" content=\"2024-09-11T12:01:07+00:00\" \/>\r\n<meta name=\"twitter:card\" content=\"summary_large_image\" \/>\r\n<meta name=\"twitter:label1\" content=\"Est. reading time\" \/>\n\t<meta name=\"twitter:data1\" content=\"1 minute\" \/>\r\n<script type=\"application\/ld+json\" class=\"yoast-schema-graph\">{\"@context\":\"https:\/\/schema.org\",\"@graph\":[{\"@type\":\"WebPage\",\"@id\":\"http:\/\/imeri.al\/index.php\/kamza\/\",\"url\":\"http:\/\/imeri.al\/index.php\/kamza\/\",\"name\":\"PROJEKTET &quot;VENATINO&quot; N\u00cb KAM\u00cbZ - IMERI7 SHPK\",\"isPartOf\":{\"@id\":\"http:\/\/imeri.al\/#website\"},\"datePublished\":\"2024-09-11T11:19:39+00:00\",\"dateModified\":\"2024-09-11T12:01:07+00:00\",\"breadcrumb\":{\"@id\":\"http:\/\/imeri.al\/index.php\/kamza\/#breadcrumb\"},\"inLanguage\":\"en-US\",\"potentialAction\":[{\"@type\":\"ReadAction\",\"target\":[\"http:\/\/imeri.al\/index.php\/kamza\/\"]}]},{\"@type\":\"BreadcrumbList\",\"@id\":\"http:\/\/imeri.al\/index.php\/kamza\/#breadcrumb\",\"itemListElement\":[{\"@type\":\"ListItem\",\"position\":1,\"name\":\"Home\",\"item\":\"http:\/\/imeri.al\/\"},{\"@type\":\"ListItem\",\"position\":2,\"name\":\"PROJEKTET &quot;VENATINO&quot; N\u00cb KAM\u00cbZ\"}]},{\"@type\":\"WebSite\",\"@id\":\"http:\/\/imeri.al\/#website\",\"url\":\"http:\/\/imeri.al\/\",\"name\":\"IMERI7 SHPK\",\"description\":\"KOMPANI ND\u00cbRTIMI\",\"publisher\":{\"@id\":\"http:\/\/imeri.al\/#organization\"},\"potentialAction\":[{\"@type\":\"SearchAction\",\"target\":{\"@type\":\"EntryPoint\",\"urlTemplate\":\"http:\/\/imeri.al\/?s={search_term_string}\"},\"query-input\":\"required name=search_term_string\"}],\"inLanguage\":\"en-US\"},{\"@type\":\"Organization\",\"@id\":\"http:\/\/imeri.al\/#organization\",\"name\":\"IMERI7 SHPK\",\"url\":\"http:\/\/imeri.al\/\",\"logo\":{\"@type\":\"ImageObject\",\"inLanguage\":\"en-US\",\"@id\":\"http:\/\/imeri.al\/#\/schema\/logo\/image\/\",\"url\":\"http:\/\/imeri.al\/wp-content\/uploads\/2024\/09\/cropped-Logo-IMERI_Shpk-e1725877543494.png\",\"contentUrl\":\"http:\/\/imeri.al\/wp-content\/uploads\/2024\/09\/cropped-Logo-IMERI_Shpk-e1725877543494.png\",\"width\":99,\"height\":99,\"caption\":\"IMERI7 SHPK\"},\"image\":{\"@id\":\"http:\/\/imeri.al\/#\/schema\/logo\/image\/\"}}]}<\/script>\r\n<!-- \/ Yoast SEO plugin. -->","yoast_head_json":{"title":"PROJEKTET &quot;VENATINO&quot; N\u00cb KAM\u00cbZ - IMERI7 SHPK","robots":{"index":"index","follow":"follow","max-snippet":"max-snippet:-1","max-image-preview":"max-image-preview:large","max-video-preview":"max-video-preview:-1"},"canonical":"http:\/\/imeri.al\/index.php\/kamza\/","og_locale":"en_US","og_type":"article","og_title":"PROJEKTET &quot;VENATINO&quot; N\u00cb KAM\u00cbZ - IMERI7 SHPK","og_description":"Nj\u00eb tjet\u00ebr projekt ambicioz ku kemi pasur k\u00ebnaq\u00ebsin\u00eb t\u00eb kontribuojm\u00eb \u00ebsht\u00eb seria e komplekseve rezidenciale dhe komerciale \"Venatino,\" investuar nga kompania \u201cKotarja.\u201d K\u00ebto projekte ruajn\u00eb nj\u00eb stil dhe pamje unike, duke sjell\u00eb nj\u00eb kombinim t\u00eb harmonish\u00ebm t\u00eb arkitektur\u00ebs klasike me funksionalitetin modern. \u201cVenatino\u201d shquhet p\u00ebr fasadat e tij t\u00eb stilit klasik, t\u00eb cilat dallohen p\u00ebr...","og_url":"http:\/\/imeri.al\/index.php\/kamza\/","og_site_name":"IMERI7 SHPK","article_modified_time":"2024-09-11T12:01:07+00:00","twitter_card":"summary_large_image","twitter_misc":{"Est. reading time":"1 minute"},"schema":{"@context":"https:\/\/schema.org","@graph":[{"@type":"WebPage","@id":"http:\/\/imeri.al\/index.php\/kamza\/","url":"http:\/\/imeri.al\/index.php\/kamza\/","name":"PROJEKTET &quot;VENATINO&quot; N\u00cb KAM\u00cbZ - IMERI7 SHPK","isPartOf":{"@id":"http:\/\/imeri.al\/#website"},"datePublished":"2024-09-11T11:19:39+00:00","dateModified":"2024-09-11T12:01:07+00:00","breadcrumb":{"@id":"http:\/\/imeri.al\/index.php\/kamza\/#breadcrumb"},"inLanguage":"en-US","potentialAction":[{"@type":"ReadAction","target":["http:\/\/imeri.al\/index.php\/kamza\/"]}]},{"@type":"BreadcrumbList","@id":"http:\/\/imeri.al\/index.php\/kamza\/#breadcrumb","itemListElement":[{"@type":"ListItem","position":1,"name":"Home","item":"http:\/\/imeri.al\/"},{"@type":"ListItem","position":2,"name":"PROJEKTET &quot;VENATINO&quot; N\u00cb KAM\u00cbZ"}]},{"@type":"WebSite","@id":"http:\/\/imeri.al\/#website","url":"http:\/\/imeri.al\/","name":"IMERI7 SHPK","description":"KOMPANI ND\u00cbRTIMI","publisher":{"@id":"http:\/\/imeri.al\/#organization"},"potentialAction":[{"@type":"SearchAction","target":{"@type":"EntryPoint","urlTemplate":"http:\/\/imeri.al\/?s={search_term_string}"},"query-input":"required name=search_term_string"}],"inLanguage":"en-US"},{"@type":"Organization","@id":"http:\/\/imeri.al\/#organization","name":"IMERI7 SHPK","url":"http:\/\/imeri.al\/","logo":{"@type":"ImageObject","inLanguage":"en-US","@id":"http:\/\/imeri.al\/#\/schema\/logo\/image\/","url":"http:\/\/imeri.al\/wp-content\/uploads\/2024\/09\/cropped-Logo-IMERI_Shpk-e1725877543494.png","contentUrl":"http:\/\/imeri.al\/wp-content\/uploads\/2024\/09\/cropped-Logo-IMERI_Shpk-e1725877543494.png","width":99,"height":99,"caption":"IMERI7 SHPK"},"image":{"@id":"http:\/\/imeri.al\/#\/schema\/logo\/image\/"}}]}},"_links":{"self":[{"href":"http:\/\/imeri.al\/index.php\/wp-json\/wp\/v2\/pages\/1891","targetHints":{"allow":["GET"]}}],"collection":[{"href":"http:\/\/imeri.al\/index.php\/wp-json\/wp\/v2\/pages"}],"about":[{"href":"http:\/\/imeri.al\/index.php\/wp-json\/wp\/v2\/types\/page"}],"author":[{"embeddable":true,"href":"http:\/\/imeri.al\/index.php\/wp-json\/wp\/v2\/users\/1"}],"replies":[{"embeddable":true,"href":"http:\/\/imeri.al\/index.php\/wp-json\/wp\/v2\/comments?post=1891"}],"version-history":[{"count":7,"href":"http:\/\/imeri.al\/index.php\/wp-json\/wp\/v2\/pages\/1891\/revisions"}],"predecessor-version":[{"id":1902,"href":"http:\/\/imeri.al\/index.php\/wp-json\/wp\/v2\/pages\/1891\/revisions\/1902"}],"wp:attachment":[{"href":"http:\/\/imeri.al\/index.php\/wp-json\/wp\/v2\/media?parent=1891"}],"curies":[{"name":"wp","href":"https:\/\/api.w.org\/{rel}","templated":true}]}}